{"id":159,"date":"2015-10-29T22:31:28","date_gmt":"2015-10-29T21:31:28","guid":{"rendered":"http:\/\/smv.gymnasium-penzberg.de\/?page_id=159"},"modified":"2026-02-09T15:43:32","modified_gmt":"2026-02-09T14:43:32","slug":"verbindungslehrerinnen","status":"publish","type":"page","link":"https:\/\/smv.gymnasium-penzberg.de\/?page_id=159","title":{"rendered":"Verbindungslehrer"},"content":{"rendered":"\n<figure class=\"wp-block-image size-large\"><a href=\"https:\/\/smv.gymnasium-penzberg.de\/wp-content\/uploads\/2026\/02\/vertrauneslehrer2526.jpg\"><img decoding=\"async\" loading=\"lazy\" width=\"768\" height=\"1024\" src=\"https:\/\/smv.gymnasium-penzberg.de\/wp-content\/uploads\/2026\/02\/vertrauneslehrer2526-768x1024.jpg\" alt=\"\" class=\"wp-image-1306\" srcset=\"https:\/\/smv.gymnasium-penzberg.de\/wp-content\/uploads\/2026\/02\/vertrauneslehrer2526-768x1024.jpg 768w, https:\/\/smv.gymnasium-penzberg.de\/wp-content\/uploads\/2026\/02\/vertrauneslehrer2526-225x300.jpg 225w, https:\/\/smv.gymnasium-penzberg.de\/wp-content\/uploads\/2026\/02\/vertrauneslehrer2526-1152x1536.jpg 1152w, https:\/\/smv.gymnasium-penzberg.de\/wp-content\/uploads\/2026\/02\/vertrauneslehrer2526.jpg 1200w\" sizes=\"(max-width: 768px) 100vw, 768px\" \/><\/a><\/figure>\n\n\n<p style=\"text-align: center;\"><br \/>Herr Weber (links), Herr Hain (rechts)<\/p>\n<h2>Herr Hain (1. Verbindungslehrer)<a href=\"https:\/\/smv.gymnasium-penzberg.de\/wp-content\/uploads\/2021\/10\/maxhain.png\"><img decoding=\"async\" loading=\"lazy\" class=\"alignright  wp-image-989\" src=\"https:\/\/smv.gymnasium-penzberg.de\/wp-content\/uploads\/2021\/10\/maxhain-219x300.png\" alt=\"Maximilian Hain\" width=\"142\" height=\"195\" srcset=\"https:\/\/smv.gymnasium-penzberg.de\/wp-content\/uploads\/2021\/10\/maxhain-219x300.png 219w, https:\/\/smv.gymnasium-penzberg.de\/wp-content\/uploads\/2021\/10\/maxhain-746x1024.png 746w, https:\/\/smv.gymnasium-penzberg.de\/wp-content\/uploads\/2021\/10\/maxhain-768x1054.png 768w, https:\/\/smv.gymnasium-penzberg.de\/wp-content\/uploads\/2021\/10\/maxhain.png 771w\" sizes=\"(max-width: 142px) 100vw, 142px\" \/><\/a><\/h2>\n<p><strong style=\"color: #ff8b00;\">Alter und F\u00e4cherkombination<\/strong><br \/><span style=\"font-weight: 400;\">36 Jahre, Deutsch und Latein<\/span><\/p>\n<p><strong style=\"color: #ff8b00;\">\u00dcber mich:<\/strong><br \/>Ich unterrichte nunmehr seit 2020 am Gymnasium Penzberg und f\u00fchle mich dort sehr, sehr wohl. Die Sch\u00fcler:innen sind mir ans Herz gewachsen und auch die Zusammenarbeit mit dem Kollegium, dem F\u00f6rderverein, der uns gro\u00dfz\u00fcgig unterst\u00fctzt, und den Eltern l\u00e4uft konstruktiv und l\u00f6sungsorientiert ab. Wir sind an einer tollen Schule! Insbesondere freue ich mich, dass ich nun schon im dritten Jahr hintereinander zum Verbindungslehrer gew\u00e4hlt wurde und mir die Sch\u00fcler:innen ihr Vertrauen ausgesprochen haben. In meiner Freizeit gehe ich liebend gerne auf Reisen, sehe die neuesten Filme im Kino und entspanne im Kreis meiner Familie und Freunden bei einem guten Essen. Wenn es die Zeit erlaubt und ich Tickets ergattern kann, findet man mich auch bei den Spielen des FC Bayern.<\/p>\n<p><strong style=\"color: #ff8b00;\">Mein Amt:<\/strong><br \/>Verbindungslehrer, \u00d6ffentlichkeitsarbeit der Schule (GyP-Aktuell,<br \/>Pressearbeit)<\/p>\n<p><strong style=\"color: #ff8b00;\">Meine Aufgaben:<\/strong><br \/>Als Verbindungslehrer m\u00f6chte ich ein vertrauensw\u00fcrdiger und ehrlicher Ansprechpartner f\u00fcr alle Sch\u00fclerinnen und Sch\u00fcler unserer Schule sein. Ich habe stets ein offenes Ohr und will bei Problemen vermitteln und unterst\u00fctzen. Gerne beteilige ich mich auch bei der Organisation und Durchf\u00fchrung von Veranstaltungen aller Art. Schule soll ein Ort sein, an dem zusammen gelernt, aber auch gelacht wird und sich Freundschaften bilden. Denn es sind die Begegnungen mit Menschen, die das Leben lebenswert machen. Hierzu leiste ich sehr gerne meinen Beitrag!<\/p>\n<p><strong style=\"color: #ff8b00;\">Warum ich in der SMV mitarbeite:<\/strong><br \/>Es macht mir \u00e4u\u00dferst viel Spa\u00df, mit Sch\u00fclerinnen und Sch\u00fclern gemeinsam etwas auf die Beine zu stellen und im Team zusammenzuarbeiten. Dar\u00fcber hinaus ist es sehr bereichernd, unsere Sch\u00fclerinnen und Sch\u00fcler auch abseits des Unterrichts kennenzulernen und ihnen unterst\u00fctzend zur Seite stehen zu d\u00fcrfen. Wenn Sch\u00fclerinnen und Sch\u00fcler mir ihr Vertrauen schenken, empfinde ich das als ein gro\u00dfes<br \/>Privileg, das ich zu sch\u00e4tzen wei\u00df.<\/p>\n<p><strong style=\"color: #ff8b00;\">Was ich mir f\u00fcr dieses Jahr vorgenommen habe:<\/strong><br \/>Ich m\u00f6chte, dass die SMV weiterhin das Schulleben rund um das Jahr mit abwechslungsreichen Aktionen bereichert. Gerne unterst\u00fctze ich die AGs bei der Durchf\u00fchrung ihrer Aktionen und m\u00f6chte alle Sch\u00fclerinnen und Sch\u00fcler ermuntern, sich dem vielf\u00e4ltigen Angebot unterst\u00fctzend anzuschlie\u00dfen. Neue Ideen sind nat\u00fcrlich immer willkommen<\/p>\n<p><strong style=\"color: #ff8b00;\">Was f\u00fcr mich eine gute SMV ist:<\/strong><br \/>Eine gute SMV ist f\u00fcr mich eine Gemeinschaft, die f\u00fcr alle<br \/>Schulmitglieder ansprechbar ist und gemeinsam im Team einen<br \/>wesentlichen Beitrag zum vielf\u00e4ltigen und bunten Schulleben leistet.<\/p>\n<p><strong style=\"color: #ff8b00;\">E-mail Adresse:<\/strong><br \/>Bei Fragen oder Anliegen stehe ich Euch jederzeit in der Schule zur Verf\u00fcgung!<\/p>\n<hr \/>\n<h2>Herr Weber (2. Verbindungslehrer)<a href=\"https:\/\/smv.gymnasium-penzberg.de\/wp-content\/uploads\/2022\/10\/IMG_0122-2.jpg\"><img decoding=\"async\" loading=\"lazy\" class=\"wp-image-1089  alignright\" src=\"https:\/\/smv.gymnasium-penzberg.de\/wp-content\/uploads\/2022\/10\/IMG_0122-2-261x300.jpg\" alt=\"\" width=\"146\" height=\"168\" srcset=\"https:\/\/smv.gymnasium-penzberg.de\/wp-content\/uploads\/2022\/10\/IMG_0122-2-261x300.jpg 261w, https:\/\/smv.gymnasium-penzberg.de\/wp-content\/uploads\/2022\/10\/IMG_0122-2-890x1024.jpg 890w, https:\/\/smv.gymnasium-penzberg.de\/wp-content\/uploads\/2022\/10\/IMG_0122-2-768x884.jpg 768w, https:\/\/smv.gymnasium-penzberg.de\/wp-content\/uploads\/2022\/10\/IMG_0122-2.jpg 1082w\" sizes=\"(max-width: 146px) 100vw, 146px\" \/><\/a><\/h2>\n<h3><strong>DIESE INFOS SIND VERALTET!<\/strong><\/h3>\n<p><strong style=\"color: #ff8b00;\">Alter und F\u00e4cherkombination:<\/strong><br \/>32 Jahre, Englisch und Sport<\/p>\n<p><strong style=\"color: #ff8b00;\">\u00dcber mich:<\/strong><br \/>Bevor ich zum Schuljahr 2021 \/ 22 ans Gymnasium Penzberg gekommen bin, war ich f\u00fcr 4 Jahre an verschiedenen Gymnasien in M\u00fcnchen t\u00e4tig. Als geb\u00fcrtiger Garmisch-Partenkirchener bin ich nun sehr froh, an einer Schule nahe der Heimat zu arbeiten. Meine Freizeit verbringe ich am liebsten mit Freunden und Familie. Sport steht bei mir auch an vorderster Stelle \u2013 am liebsten drau\u00dfen oder im Eisstadion.<\/p>\n<p><strong style=\"color: #ff8b00;\">Mein Amt:<br \/><\/strong>In meiner T\u00e4tigkeit als Verbindungslehrer unterst\u00fctze ich die aktuellen Anliegen der SMV in verschiedenen Bereichen.<\/p>\n<p><strong style=\"color: #ff8b00;\">Meine Aufgaben:<br \/><\/strong><span style=\"font-size: revert;\">Als Verbindungslehrer will ich f\u00fcr alle Sch\u00fclerinnen und Sch\u00fcler da sein, mich f\u00fcr ihre Anliegen einsetzen und in Problemsituationen als Vermittler helfen. Auch helfe ich bei der Koordination, Organisation und Durchf\u00fchrung verschiedener Schulveranstaltungen.<\/span><\/p>\n<p><strong style=\"color: #ff8b00;\">Warum ich in der SMV mitarbeite:<br \/><\/strong>Da \u201eSchule\u201c ja viel mehr als nur der reine Unterricht ist, habe ich die Absicht mich auch au\u00dferhalb vom Unterricht zu beteiligen, neue Ideen umzusetzen und damit das Schulleben noch sch\u00f6ner und interessanter f\u00fcr alle zu gestalten. Auch sch\u00e4tze ich die Arbeit mit Sch\u00fclerinnen und Sch\u00fclern im au\u00dferunterrichtlichen Kontext sehr.<\/p>\n<p><strong style=\"color: #ff8b00;\">Was ich mir f\u00fcr dieses Jahr vorgenommen habe:<br \/><\/strong>Da ich ja zum ersten Mal Verbindungslehrer bin, versuche ich heuer so viel wie M\u00f6glich von den \u201ealten Hasen\u201c zu lernen und mich so weit wie m\u00f6glich in die verschiedenen Projekte einzubringen.<\/p>\n<p><strong style=\"color: #ff8b00;\">Kontakt:<br \/><\/strong>Bei Fragen oder Anliegen stehe ich Euch jederzeit in der Schule zur Verf\u00fcgung.<\/p>\n\n\n<p><\/p>\n","protected":false},"excerpt":{"rendered":"<p>Herr Weber (links), Herr Hain (rechts) Herr Hain (1. Verbindungslehrer) Alter und F\u00e4cherkombination36 Jahre, Deutsch und Latein \u00dcber mich:Ich unterrichte nunmehr seit 2020 am Gymnasium Penzberg und f\u00fchle mich dort sehr, sehr wohl. Die Sch\u00fcler:innen sind mir ans Herz gewachsen und auch die Zusammenarbeit mit dem Kollegium, dem F\u00f6rderverein, der uns gro\u00dfz\u00fcgig unterst\u00fctzt, und den &#8230; <a title=\"Verbindungslehrer\" class=\"read-more\" href=\"https:\/\/smv.gymnasium-penzberg.de\/?page_id=159\" aria-label=\"Mehr dazu unter Verbindungslehrer\">Weiterlesen<\/a><\/p>\n","protected":false},"author":1,"featured_media":0,"parent":77,"menu_order":0,"comment_status":"closed","ping_status":"closed","template":"","meta":[],"_links":{"self":[{"href":"https:\/\/smv.gymnasium-penzberg.de\/index.php?rest_route=\/wp\/v2\/pages\/159"}],"collection":[{"href":"https:\/\/smv.gymnasium-penzberg.de\/index.php?rest_route=\/wp\/v2\/pages"}],"about":[{"href":"https:\/\/smv.gymnasium-penzberg.de\/index.php?rest_route=\/wp\/v2\/types\/page"}],"author":[{"embeddable":true,"href":"https:\/\/smv.gymnasium-penzberg.de\/index.php?rest_route=\/wp\/v2\/users\/1"}],"replies":[{"embeddable":true,"href":"https:\/\/smv.gymnasium-penzberg.de\/index.php?rest_route=%2Fwp%2Fv2%2Fcomments&post=159"}],"version-history":[{"count":60,"href":"https:\/\/smv.gymnasium-penzberg.de\/index.php?rest_route=\/wp\/v2\/pages\/159\/revisions"}],"predecessor-version":[{"id":1309,"href":"https:\/\/smv.gymnasium-penzberg.de\/index.php?rest_route=\/wp\/v2\/pages\/159\/revisions\/1309"}],"up":[{"embeddable":true,"href":"https:\/\/smv.gymnasium-penzberg.de\/index.php?rest_route=\/wp\/v2\/pages\/77"}],"wp:attachment":[{"href":"https:\/\/smv.gymnasium-penzberg.de\/index.php?rest_route=%2Fwp%2Fv2%2Fmedia&parent=159"}],"curies":[{"name":"wp","href":"https:\/\/api.w.org\/{rel}","templated":true}]}}