{"id":142,"date":"2015-10-29T22:14:49","date_gmt":"2015-10-29T21:14:49","guid":{"rendered":"http:\/\/smv.gymnasium-penzberg.de\/?page_id=142"},"modified":"2024-11-24T19:34:23","modified_gmt":"2024-11-24T18:34:23","slug":"3-schuelersprecherin","status":"publish","type":"page","link":"https:\/\/smv.gymnasium-penzberg.de\/?page_id=142","title":{"rendered":"3. Sch\u00fclersprecher"},"content":{"rendered":"<h2>Matilda Sch\u00e4fer<\/h2>\n<p><strong style=\"color: #ff8b00;\">Alter und Klasse:<a href=\"https:\/\/smv.gymnasium-penzberg.de\/wp-content\/uploads\/2024\/11\/84e99d25-597c-4ba3-b57a-f6fe5f971974.jpg\"><img decoding=\"async\" loading=\"lazy\" class=\"wp-image-1249 size-medium alignright\" src=\"https:\/\/smv.gymnasium-penzberg.de\/wp-content\/uploads\/2024\/11\/84e99d25-597c-4ba3-b57a-f6fe5f971974-225x300.jpg\" alt=\"\" width=\"225\" height=\"300\" srcset=\"https:\/\/smv.gymnasium-penzberg.de\/wp-content\/uploads\/2024\/11\/84e99d25-597c-4ba3-b57a-f6fe5f971974-225x300.jpg 225w, https:\/\/smv.gymnasium-penzberg.de\/wp-content\/uploads\/2024\/11\/84e99d25-597c-4ba3-b57a-f6fe5f971974-768x1024.jpg 768w, https:\/\/smv.gymnasium-penzberg.de\/wp-content\/uploads\/2024\/11\/84e99d25-597c-4ba3-b57a-f6fe5f971974-1152x1536.jpg 1152w, https:\/\/smv.gymnasium-penzberg.de\/wp-content\/uploads\/2024\/11\/84e99d25-597c-4ba3-b57a-f6fe5f971974.jpg 1200w\" sizes=\"(max-width: 225px) 100vw, 225px\" \/><\/a><\/strong><br \/>\n<span style=\"font-weight: 400;\">18, Q12<\/span><\/p>\n<p><strong style=\"color: #ff8b00;\">\u00dcber mich:<br \/>\n<\/strong>Dies ist nun mein vorletztes Jahr an unserem Gymnasium, da ich n\u00e4chstes Jahr Abitur mache. Gl\u00fccklicherweise ist es aber auch mein drittes Jahr in Folge in der SMV. In meiner Freizeit tobe ich mich am liebsten kreativ aus, engagiere mich sozial und schauspielere nebenbei noch.<\/p>\n<p><strong style=\"color: #ff8b00;\">Mein Amt:<br \/>\n<\/strong><span style=\"font-weight: 400;\">Ich bin dieses Jahr 3. Sch\u00fclersprecherin<\/span><\/p>\n<p><strong style=\"color: #ff8b00;\">Meine Aufgaben:<br \/>\n<\/strong>Als Sch\u00fclersprecherin, versuche ich die Anliegen und Interessen der Sch\u00fcler*innenschaft auf allen m\u00f6glichen Ebenen soweit es geht durchzusetzen. Mit meinen Kolleginnen und meinem Kollegen der SMV plane ich allerhand Projekte, wie das Fu\u00dfballturnier und den Diversity-Tag und forme dadurch das Sozialleben an unserer Schule aktiv mit.<\/p>\n<p><strong style=\"color: #ff8b00;\">Warum ich in der SMV mitarbeite:<br \/>\n<\/strong><span style=\"font-weight: 400;\">Ich mochte es schon immer gerne mich an gemeinn\u00fctzigen Sachen zu beteiligen und nachdem ich schon die letzten zwei Jahre erfolgreich mein Amt als Sch\u00fclersprecherin vertreten habe, wollte ich das dieses Jahr zum letzten Mal tun um so viel wie m\u00f6glich am Gymnasium Penzberg zu bewirken.<\/span><\/p>\n<p><strong style=\"color: #ff8b00;\">Was ich mir f\u00fcr dieses Jahr vorgenommen habe:<br \/>\n<\/strong><span style=\"font-weight: 400;\">Dieses Jahr m\u00f6chte ich ein Fu\u00dfballturnier organisieren, die Webseite auf dem neuesten Stand halten und das Beste aus der Schule rausholen<\/span><\/p>\n<p><strong style=\"color: #ff8b00;\">Was f\u00fcr mich eine gute SMV ist:<br \/>\n<\/strong>Eine gute SMV ist f\u00fcr mich ein Team auf das man sich verlassen kann und wo Zusammenhalt die h\u00f6chste Priorit\u00e4t hat<\/p>\n","protected":false},"excerpt":{"rendered":"<p>Matilda Sch\u00e4fer Alter und Klasse: 18, Q12 \u00dcber mich: Dies ist nun mein vorletztes Jahr an unserem Gymnasium, da ich n\u00e4chstes Jahr Abitur mache. Gl\u00fccklicherweise ist es aber auch mein drittes Jahr in Folge in der SMV. In meiner Freizeit tobe ich mich am liebsten kreativ aus, engagiere mich sozial und schauspielere nebenbei noch. Mein &#8230; <a title=\"3. Sch\u00fclersprecher\" class=\"read-more\" href=\"https:\/\/smv.gymnasium-penzberg.de\/?page_id=142\" aria-label=\"Mehr dazu unter 3. Sch\u00fclersprecher\">Weiterlesen<\/a><\/p>\n","protected":false},"author":1,"featured_media":0,"parent":77,"menu_order":0,"comment_status":"closed","ping_status":"closed","template":"","meta":[],"_links":{"self":[{"href":"https:\/\/smv.gymnasium-penzberg.de\/index.php?rest_route=\/wp\/v2\/pages\/142"}],"collection":[{"href":"https:\/\/smv.gymnasium-penzberg.de\/index.php?rest_route=\/wp\/v2\/pages"}],"about":[{"href":"https:\/\/smv.gymnasium-penzberg.de\/index.php?rest_route=\/wp\/v2\/types\/page"}],"author":[{"embeddable":true,"href":"https:\/\/smv.gymnasium-penzberg.de\/index.php?rest_route=\/wp\/v2\/users\/1"}],"replies":[{"embeddable":true,"href":"https:\/\/smv.gymnasium-penzberg.de\/index.php?rest_route=%2Fwp%2Fv2%2Fcomments&post=142"}],"version-history":[{"count":31,"href":"https:\/\/smv.gymnasium-penzberg.de\/index.php?rest_route=\/wp\/v2\/pages\/142\/revisions"}],"predecessor-version":[{"id":1250,"href":"https:\/\/smv.gymnasium-penzberg.de\/index.php?rest_route=\/wp\/v2\/pages\/142\/revisions\/1250"}],"up":[{"embeddable":true,"href":"https:\/\/smv.gymnasium-penzberg.de\/index.php?rest_route=\/wp\/v2\/pages\/77"}],"wp:attachment":[{"href":"https:\/\/smv.gymnasium-penzberg.de\/index.php?rest_route=%2Fwp%2Fv2%2Fmedia&parent=142"}],"curies":[{"name":"wp","href":"https:\/\/api.w.org\/{rel}","templated":true}]}}